{"id":6749,"date":"2019-02-20T17:37:29","date_gmt":"2019-02-20T16:37:29","guid":{"rendered":"https:\/\/informeanualintegrado2020.ferrovial.com\/estrategia\/"},"modified":"2021-02-24T22:43:54","modified_gmt":"2021-02-24T21:43:54","slug":"strategy","status":"publish","type":"page","link":"https:\/\/informeanualintegrado2020.ferrovial.com\/en\/strategy\/","title":{"rendered":"Strategy"},"content":{"rendered":"","protected":false},"excerpt":{"rendered":"<p>Ferrovial ha plasmado la revisi\u00f3n de su Estrategia en el Plan Horizon 24, que cubre el periodo 2020-2024, enfocando el eje de su actividad en la promoci\u00f3n, construcci\u00f3n y gesti\u00f3n de infraestructuras sostenibles. El Plan parte de un an\u00e1lisis de tendencias y oportunidades, fija unas prioridades y determina unos objetivos. El Plan persigue una compa\u00f1\u00eda m\u00e1s \u00e1gil, innovadora y eficiente.<\/p>\n","protected":false},"author":3,"featured_media":9285,"parent":0,"menu_order":1,"comment_status":"closed","ping_status":"closed","template":"template-distributor.php","meta":{"_acf_changed":false,"_monsterinsights_skip_tracking":false,"_monsterinsights_sitenote_active":false,"_monsterinsights_sitenote_note":"","_monsterinsights_sitenote_category":0,"footnotes":""},"class_list":["post-6749","page","type-page","status-publish","has-post-thumbnail","hentry"],"acf":[],"yoast_head":"<!-- This site is optimized with the Yoast SEO plugin v27.2 - https:\/\/yoast.com\/product\/yoast-seo-wordpress\/ -->\n<title>Strategy - Informe Anual Integrado 2020<\/title>\n<meta name=\"robots\" content=\"noindex, follow, max-snippet:-1, max-image-preview:large, max-video-preview:-1\" \/>\n<meta property=\"og:locale\" content=\"en_US\" \/>\n<meta property=\"og:type\" content=\"article\" \/>\n<meta property=\"og:title\" content=\"Strategy - Informe Anual Integrado 2020\" \/>\n<meta property=\"og:description\" content=\"Ferrovial ha plasmado la revisi\u00f3n de su Estrategia en el Plan Horizon 24, que cubre el periodo 2020-2024, enfocando el eje de su actividad en la promoci\u00f3n, construcci\u00f3n y gesti\u00f3n de infraestructuras sostenibles. El Plan parte de un an\u00e1lisis de tendencias y oportunidades, fija unas prioridades y determina unos objetivos. El Plan persigue una compa\u00f1\u00eda m\u00e1s \u00e1gil, innovadora y eficiente.\" \/>\n<meta property=\"og:url\" content=\"https:\/\/informeanualintegrado2020.ferrovial.com\/en\/strategy\/\" \/>\n<meta property=\"og:site_name\" content=\"Informe Anual Integrado 2020\" \/>\n<meta property=\"article:publisher\" content=\"https:\/\/www.facebook.com\/ferrovial\" \/>\n<meta property=\"article:modified_time\" content=\"2021-02-24T21:43:54+00:00\" \/>\n<meta property=\"og:image\" content=\"https:\/\/static-iai.ferrovial.com\/wp-content\/uploads\/sites\/6\/2021\/02\/11093807\/4-lon-nl-phase-24-1-scaled.jpg\" \/>\n\t<meta property=\"og:image:width\" content=\"2560\" \/>\n\t<meta property=\"og:image:height\" content=\"1902\" \/>\n\t<meta property=\"og:image:type\" content=\"image\/jpeg\" \/>\n<meta name=\"twitter:card\" content=\"summary_large_image\" \/>\n<meta name=\"twitter:site\" content=\"@ferrovial_es\" \/>\n<script type=\"application\/ld+json\" class=\"yoast-schema-graph\">{\"@context\":\"https:\/\/schema.org\",\"@graph\":[{\"@type\":\"WebPage\",\"@id\":\"https:\/\/informeanualintegrado2020.ferrovial.com\/en\/strategy\/\",\"url\":\"https:\/\/informeanualintegrado2020.ferrovial.com\/en\/strategy\/\",\"name\":\"Strategy - Informe Anual Integrado 2020\",\"isPartOf\":{\"@id\":\"https:\/\/informeanualintegrado2020.ferrovial.com\/es\/#website\"},\"primaryImageOfPage\":{\"@id\":\"https:\/\/informeanualintegrado2020.ferrovial.com\/en\/strategy\/#primaryimage\"},\"image\":{\"@id\":\"https:\/\/informeanualintegrado2020.ferrovial.com\/en\/strategy\/#primaryimage\"},\"thumbnailUrl\":\"https:\/\/static-iai.ferrovial.com\/wp-content\/uploads\/sites\/6\/2021\/02\/11093807\/4-lon-nl-phase-24-1-scaled.jpg\",\"datePublished\":\"2019-02-20T16:37:29+00:00\",\"dateModified\":\"2021-02-24T21:43:54+00:00\",\"breadcrumb\":{\"@id\":\"https:\/\/informeanualintegrado2020.ferrovial.com\/en\/strategy\/#breadcrumb\"},\"inLanguage\":\"en-US\",\"potentialAction\":[{\"@type\":\"ReadAction\",\"target\":[\"https:\/\/informeanualintegrado2020.ferrovial.com\/en\/strategy\/\"]}]},{\"@type\":\"ImageObject\",\"inLanguage\":\"en-US\",\"@id\":\"https:\/\/informeanualintegrado2020.ferrovial.com\/en\/strategy\/#primaryimage\",\"url\":\"https:\/\/static-iai.ferrovial.com\/wp-content\/uploads\/sites\/6\/2021\/02\/11093807\/4-lon-nl-phase-24-1-scaled.jpg\",\"contentUrl\":\"https:\/\/static-iai.ferrovial.com\/wp-content\/uploads\/sites\/6\/2021\/02\/11093807\/4-lon-nl-phase-24-1-scaled.jpg\",\"width\":2560,\"height\":1902},{\"@type\":\"BreadcrumbList\",\"@id\":\"https:\/\/informeanualintegrado2020.ferrovial.com\/en\/strategy\/#breadcrumb\",\"itemListElement\":[{\"@type\":\"ListItem\",\"position\":1,\"name\":\"Portada\",\"item\":\"https:\/\/informeanualintegrado2020.ferrovial.com\/en\/\"},{\"@type\":\"ListItem\",\"position\":2,\"name\":\"Strategy\"}]},{\"@type\":\"WebSite\",\"@id\":\"https:\/\/informeanualintegrado2020.ferrovial.com\/es\/#website\",\"url\":\"https:\/\/informeanualintegrado2020.ferrovial.com\/es\/\",\"name\":\"Informe Anual Integrado 2020\",\"description\":\"\",\"publisher\":{\"@id\":\"https:\/\/informeanualintegrado2020.ferrovial.com\/es\/#organization\"},\"potentialAction\":[{\"@type\":\"SearchAction\",\"target\":{\"@type\":\"EntryPoint\",\"urlTemplate\":\"https:\/\/informeanualintegrado2020.ferrovial.com\/es\/?s={search_term_string}\"},\"query-input\":{\"@type\":\"PropertyValueSpecification\",\"valueRequired\":true,\"valueName\":\"search_term_string\"}}],\"inLanguage\":\"en-US\"},{\"@type\":\"Organization\",\"@id\":\"https:\/\/informeanualintegrado2020.ferrovial.com\/es\/#organization\",\"name\":\"Ferrovial Corporaci\u00f3n S.A\",\"url\":\"https:\/\/informeanualintegrado2020.ferrovial.com\/es\/\",\"logo\":{\"@type\":\"ImageObject\",\"inLanguage\":\"en-US\",\"@id\":\"https:\/\/informeanualintegrado2020.ferrovial.com\/es\/#\/schema\/logo\/image\/\",\"url\":\"\",\"contentUrl\":\"\",\"caption\":\"Ferrovial Corporaci\u00f3n S.A\"},\"image\":{\"@id\":\"https:\/\/informeanualintegrado2020.ferrovial.com\/es\/#\/schema\/logo\/image\/\"},\"sameAs\":[\"https:\/\/www.facebook.com\/ferrovial\",\"https:\/\/x.com\/ferrovial_es\",\"https:\/\/instagram.com\/ferrovial\",\"https:\/\/www.linkedin.com\/company\/ferrovial\",\"https:\/\/pinterest.com\/ferrovial\",\"https:\/\/www.youtube.com\/ferrovial\"]}]}<\/script>\n<!-- \/ Yoast SEO plugin. -->","yoast_head_json":{"title":"Strategy - Informe Anual Integrado 2020","robots":{"index":"noindex","follow":"follow","max-snippet":"max-snippet:-1","max-image-preview":"max-image-preview:large","max-video-preview":"max-video-preview:-1"},"og_locale":"en_US","og_type":"article","og_title":"Strategy - Informe Anual Integrado 2020","og_description":"Ferrovial ha plasmado la revisi\u00f3n de su Estrategia en el Plan Horizon 24, que cubre el periodo 2020-2024, enfocando el eje de su actividad en la promoci\u00f3n, construcci\u00f3n y gesti\u00f3n de infraestructuras sostenibles. El Plan parte de un an\u00e1lisis de tendencias y oportunidades, fija unas prioridades y determina unos objetivos. El Plan persigue una compa\u00f1\u00eda m\u00e1s \u00e1gil, innovadora y eficiente.","og_url":"https:\/\/informeanualintegrado2020.ferrovial.com\/en\/strategy\/","og_site_name":"Informe Anual Integrado 2020","article_publisher":"https:\/\/www.facebook.com\/ferrovial","article_modified_time":"2021-02-24T21:43:54+00:00","og_image":[{"width":2560,"height":1902,"url":"https:\/\/static-iai.ferrovial.com\/wp-content\/uploads\/sites\/6\/2021\/02\/11093807\/4-lon-nl-phase-24-1-scaled.jpg","type":"image\/jpeg"}],"twitter_card":"summary_large_image","twitter_site":"@ferrovial_es","schema":{"@context":"https:\/\/schema.org","@graph":[{"@type":"WebPage","@id":"https:\/\/informeanualintegrado2020.ferrovial.com\/en\/strategy\/","url":"https:\/\/informeanualintegrado2020.ferrovial.com\/en\/strategy\/","name":"Strategy - Informe Anual Integrado 2020","isPartOf":{"@id":"https:\/\/informeanualintegrado2020.ferrovial.com\/es\/#website"},"primaryImageOfPage":{"@id":"https:\/\/informeanualintegrado2020.ferrovial.com\/en\/strategy\/#primaryimage"},"image":{"@id":"https:\/\/informeanualintegrado2020.ferrovial.com\/en\/strategy\/#primaryimage"},"thumbnailUrl":"https:\/\/static-iai.ferrovial.com\/wp-content\/uploads\/sites\/6\/2021\/02\/11093807\/4-lon-nl-phase-24-1-scaled.jpg","datePublished":"2019-02-20T16:37:29+00:00","dateModified":"2021-02-24T21:43:54+00:00","breadcrumb":{"@id":"https:\/\/informeanualintegrado2020.ferrovial.com\/en\/strategy\/#breadcrumb"},"inLanguage":"en-US","potentialAction":[{"@type":"ReadAction","target":["https:\/\/informeanualintegrado2020.ferrovial.com\/en\/strategy\/"]}]},{"@type":"ImageObject","inLanguage":"en-US","@id":"https:\/\/informeanualintegrado2020.ferrovial.com\/en\/strategy\/#primaryimage","url":"https:\/\/static-iai.ferrovial.com\/wp-content\/uploads\/sites\/6\/2021\/02\/11093807\/4-lon-nl-phase-24-1-scaled.jpg","contentUrl":"https:\/\/static-iai.ferrovial.com\/wp-content\/uploads\/sites\/6\/2021\/02\/11093807\/4-lon-nl-phase-24-1-scaled.jpg","width":2560,"height":1902},{"@type":"BreadcrumbList","@id":"https:\/\/informeanualintegrado2020.ferrovial.com\/en\/strategy\/#breadcrumb","itemListElement":[{"@type":"ListItem","position":1,"name":"Portada","item":"https:\/\/informeanualintegrado2020.ferrovial.com\/en\/"},{"@type":"ListItem","position":2,"name":"Strategy"}]},{"@type":"WebSite","@id":"https:\/\/informeanualintegrado2020.ferrovial.com\/es\/#website","url":"https:\/\/informeanualintegrado2020.ferrovial.com\/es\/","name":"Informe Anual Integrado 2020","description":"","publisher":{"@id":"https:\/\/informeanualintegrado2020.ferrovial.com\/es\/#organization"},"potentialAction":[{"@type":"SearchAction","target":{"@type":"EntryPoint","urlTemplate":"https:\/\/informeanualintegrado2020.ferrovial.com\/es\/?s={search_term_string}"},"query-input":{"@type":"PropertyValueSpecification","valueRequired":true,"valueName":"search_term_string"}}],"inLanguage":"en-US"},{"@type":"Organization","@id":"https:\/\/informeanualintegrado2020.ferrovial.com\/es\/#organization","name":"Ferrovial Corporaci\u00f3n S.A","url":"https:\/\/informeanualintegrado2020.ferrovial.com\/es\/","logo":{"@type":"ImageObject","inLanguage":"en-US","@id":"https:\/\/informeanualintegrado2020.ferrovial.com\/es\/#\/schema\/logo\/image\/","url":"","contentUrl":"","caption":"Ferrovial Corporaci\u00f3n S.A"},"image":{"@id":"https:\/\/informeanualintegrado2020.ferrovial.com\/es\/#\/schema\/logo\/image\/"},"sameAs":["https:\/\/www.facebook.com\/ferrovial","https:\/\/x.com\/ferrovial_es","https:\/\/instagram.com\/ferrovial","https:\/\/www.linkedin.com\/company\/ferrovial","https:\/\/pinterest.com\/ferrovial","https:\/\/www.youtube.com\/ferrovial"]}]}},"_links":{"self":[{"href":"https:\/\/informeanualintegrado2020.ferrovial.com\/en\/wp-json\/wp\/v2\/pages\/6749","targetHints":{"allow":["GET"]}}],"collection":[{"href":"https:\/\/informeanualintegrado2020.ferrovial.com\/en\/wp-json\/wp\/v2\/pages"}],"about":[{"href":"https:\/\/informeanualintegrado2020.ferrovial.com\/en\/wp-json\/wp\/v2\/types\/page"}],"author":[{"embeddable":true,"href":"https:\/\/informeanualintegrado2020.ferrovial.com\/en\/wp-json\/wp\/v2\/users\/3"}],"replies":[{"embeddable":true,"href":"https:\/\/informeanualintegrado2020.ferrovial.com\/en\/wp-json\/wp\/v2\/comments?post=6749"}],"version-history":[{"count":3,"href":"https:\/\/informeanualintegrado2020.ferrovial.com\/en\/wp-json\/wp\/v2\/pages\/6749\/revisions"}],"predecessor-version":[{"id":11142,"href":"https:\/\/informeanualintegrado2020.ferrovial.com\/en\/wp-json\/wp\/v2\/pages\/6749\/revisions\/11142"}],"wp:featuredmedia":[{"embeddable":true,"href":"https:\/\/informeanualintegrado2020.ferrovial.com\/en\/wp-json\/wp\/v2\/media\/9285"}],"wp:attachment":[{"href":"https:\/\/informeanualintegrado2020.ferrovial.com\/en\/wp-json\/wp\/v2\/media?parent=6749"}],"curies":[{"name":"wp","href":"https:\/\/api.w.org\/{rel}","templated":true}]}}